{"id":3161,"date":"2021-11-13T20:56:54","date_gmt":"2021-11-13T20:56:54","guid":{"rendered":"https:\/\/carmay-hanadiv.co.il\/%d7%a6%d7%95%d7%a8-%d7%a7%d7%a9%d7%a8\/"},"modified":"2021-11-18T09:43:33","modified_gmt":"2021-11-18T09:43:33","slug":"nous-contacter","status":"publish","type":"page","link":"https:\/\/carmay-hanadiv.co.il\/fr\/nous-contacter\/","title":{"rendered":"Nous contacter"},"content":{"rendered":"\t\t<div data-elementor-type=\"wp-page\" data-elementor-id=\"3161\" class=\"elementor elementor-3161 elementor-230\" data-elementor-post-type=\"page\">\n\t\t\t\t\t\t<section class=\"elementor-section elementor-top-section elementor-element elementor-element-03b7c7f elementor-section-full_width elementor-section-height-min-height elementor-section-items-stretch elementor-hidden-mobile elementor-section-height-default\" data-id=\"03b7c7f\" data-element_type=\"section\" data-settings=\"{&quot;jet_parallax_layout_list&quot;:[{&quot;jet_parallax_layout_image&quot;:{&quot;url&quot;:&quot;&quot;,&quot;id&quot;:&quot;&quot;,&quot;size&quot;:&quot;&quot;},&quot;_id&quot;:&quot;fe4fc6d&quot;,&quot;jet_parallax_layout_image_tablet&quot;:{&quot;url&quot;:&quot;&quot;,&quot;id&quot;:&quot;&quot;,&quot;size&quot;:&quot;&quot;},&quot;jet_parallax_layout_image_mobile&quot;:{&quot;url&quot;:&quot;&quot;,&quot;id&quot;:&quot;&quot;,&quot;size&quot;:&quot;&quot;},&quot;jet_parallax_layout_speed&quot;:{&quot;unit&quot;:&quot;%&quot;,&quot;size&quot;:50,&quot;sizes&quot;:[]},&quot;jet_parallax_layout_type&quot;:&quot;scroll&quot;,&quot;jet_parallax_layout_direction&quot;:&quot;1&quot;,&quot;jet_parallax_layout_fx_direction&quot;:null,&quot;jet_parallax_layout_z_index&quot;:&quot;&quot;,&quot;jet_parallax_layout_bg_x&quot;:50,&quot;jet_parallax_layout_bg_x_tablet&quot;:&quot;&quot;,&quot;jet_parallax_layout_bg_x_mobile&quot;:&quot;&quot;,&quot;jet_parallax_layout_bg_y&quot;:50,&quot;jet_parallax_layout_bg_y_tablet&quot;:&quot;&quot;,&quot;jet_parallax_layout_bg_y_mobile&quot;:&quot;&quot;,&quot;jet_parallax_layout_bg_size&quot;:&quot;auto&quot;,&quot;jet_parallax_layout_bg_size_tablet&quot;:&quot;&quot;,&quot;jet_parallax_layout_bg_size_mobile&quot;:&quot;&quot;,&quot;jet_parallax_layout_animation_prop&quot;:&quot;transform&quot;,&quot;jet_parallax_layout_on&quot;:[&quot;desktop&quot;,&quot;tablet&quot;]}],&quot;background_background&quot;:&quot;classic&quot;}\">\n\t\t\t\t\t\t<div class=\"elementor-container elementor-column-gap-no\">\n\t\t\t\t\t<div class=\"elementor-column elementor-col-50 elementor-top-column elementor-element elementor-element-18eb884\" data-id=\"18eb884\" data-element_type=\"column\" data-settings=\"{&quot;background_background&quot;:&quot;classic&quot;}\">\n\t\t\t<div class=\"elementor-widget-wrap elementor-element-populated\">\n\t\t\t\t\t\t<div class=\"elementor-element elementor-element-b44d552 elementor-widget elementor-widget-heading\" data-id=\"b44d552\" data-element_type=\"widget\" data-widget_type=\"heading.default\">\n\t\t\t\t<div class=\"elementor-widget-container\">\n\t\t\t\t\t<h2 class=\"elementor-heading-title elementor-size-default\">D\u00e9sirez-vous\n<br>\nrecevoir des d\u00e9tails?\n<\/h2>\t\t\t\t<\/div>\n\t\t\t\t<\/div>\n\t\t\t\t<div class=\"elementor-element elementor-element-389d8da elementor-button-align-end elementor-widget__width-initial animated-slow elementor-widget-mobile__width-initial elementor-invisible elementor-widget elementor-widget-form\" data-id=\"389d8da\" data-element_type=\"widget\" data-settings=\"{&quot;step_next_label&quot;:&quot;Next&quot;,&quot;step_previous_label&quot;:&quot;Previous&quot;,&quot;_animation&quot;:&quot;fadeIn&quot;,&quot;_animation_delay&quot;:100,&quot;button_width&quot;:&quot;100&quot;,&quot;step_type&quot;:&quot;number_text&quot;,&quot;step_icon_shape&quot;:&quot;circle&quot;}\" data-widget_type=\"form.default\">\n\t\t\t\t<div class=\"elementor-widget-container\">\n\t\t\t\t\t\t\t<form class=\"elementor-form\" method=\"post\" name=\"New Form\" aria-label=\"New Form\">\n\t\t\t<input type=\"hidden\" name=\"post_id\" value=\"3161\"\/>\n\t\t\t<input type=\"hidden\" name=\"form_id\" value=\"389d8da\"\/>\n\t\t\t<input type=\"hidden\" name=\"referer_title\" value=\"\" \/>\n\n\t\t\t\n\t\t\t<div class=\"elementor-form-fields-wrapper elementor-labels-\">\n\t\t\t\t\t\t\t\t<div class=\"elementor-field-type-text elementor-field-group elementor-column elementor-field-group-name elementor-col-100\">\n\t\t\t\t\t\t\t\t\t\t\t\t<label for=\"form-field-name\" class=\"elementor-field-label elementor-screen-only\">\n\t\t\t\t\t\t\t\tNom\t\t\t\t\t\t\t<\/label>\n\t\t\t\t\t\t\t\t\t\t\t\t\t\t<input size=\"1\" type=\"text\" name=\"form_fields[name]\" id=\"form-field-name\" class=\"elementor-field elementor-size-sm  elementor-field-textual\" placeholder=\"Nom\">\n\t\t\t\t\t\t\t\t\t\t\t<\/div>\n\t\t\t\t\t\t\t\t<div class=\"elementor-field-type-tel elementor-field-group elementor-column elementor-field-group-message elementor-col-100\">\n\t\t\t\t\t\t\t\t\t\t\t\t<label for=\"form-field-message\" class=\"elementor-field-label elementor-screen-only\">\n\t\t\t\t\t\t\t\tMobile\t\t\t\t\t\t\t<\/label>\n\t\t\t\t\t\t\t\t<input size=\"1\" type=\"tel\" name=\"form_fields[message]\" id=\"form-field-message\" class=\"elementor-field elementor-size-sm  elementor-field-textual\" placeholder=\"Mobile\" pattern=\"[0-9()#&amp;+*-=.]+\" title=\"Seuls les caract\u00e8res de num\u00e9ros de t\u00e9l\u00e9phone (#, -, *, etc.) sont accept\u00e9s.\">\n\n\t\t\t\t\t\t<\/div>\n\t\t\t\t\t\t\t\t<div class=\"elementor-field-type-email elementor-field-group elementor-column elementor-field-group-email elementor-col-100 elementor-field-required\">\n\t\t\t\t\t\t\t\t\t\t\t\t<label for=\"form-field-email\" class=\"elementor-field-label elementor-screen-only\">\n\t\t\t\t\t\t\t\tMilles\t\t\t\t\t\t\t<\/label>\n\t\t\t\t\t\t\t\t\t\t\t\t\t\t<input size=\"1\" type=\"email\" name=\"form_fields[email]\" id=\"form-field-email\" class=\"elementor-field elementor-size-sm  elementor-field-textual\" placeholder=\"Milles\" required=\"required\">\n\t\t\t\t\t\t\t\t\t\t\t<\/div>\n\t\t\t\t\t\t\t\t<div class=\"elementor-field-group elementor-column elementor-field-type-submit elementor-col-100 e-form__buttons\">\n\t\t\t\t\t<button class=\"elementor-button elementor-size-sm elementor-animation-float\" type=\"submit\">\n\t\t\t\t\t\t<span class=\"elementor-button-content-wrapper\">\n\t\t\t\t\t\t\t\t\t\t\t\t\t\t\t<span class=\"elementor-button-icon\">\n\t\t\t\t\t\t\t\t\t<svg xmlns=\"http:\/\/www.w3.org\/2000\/svg\" xmlns:xlink=\"http:\/\/www.w3.org\/1999\/xlink\" width=\"79\" height=\"78\" viewBox=\"0 0 79 78\"><image id=\"arrow_51\" width=\"79\" height=\"78\" xlink:href=\"data:image\/png;base64,iVBORw0KGgoAAAANSUhEUgAAAE8AAABOCAYAAAEWb3u1AAAAGXRFWHRTb2Z0d2FyZQBBZG9iZSBJbWFnZVJlYWR5ccllPAAAA2hpVFh0WE1MOmNvbS5hZG9iZS54bXAAAAAAADw\/eHBhY2tldCBiZWdpbj0i77u\/IiBpZD0iVzVNME1wQ2VoaUh6cmVTek5UY3prYzlkIj8+IDx4OnhtcG1ldGEgeG1sbnM6eD0iYWRvYmU6bnM6bWV0YS8iIHg6eG1wdGs9IkFkb2JlIFhNUCBDb3JlIDUuMy1jMDExIDY2LjE0NTY2MSwgMjAxMi8wMi8wNi0xNDo1NjoyNyAgICAgICAgIj4gPHJkZjpSREYgeG1sbnM6cmRmPSJodHRwOi8vd3d3LnczLm9yZy8xOTk5LzAyLzIyLXJkZi1zeW50YXgtbnMjIj4gPHJkZjpEZXNjcmlwdGlvbiByZGY6YWJvdXQ9IiIgeG1sbnM6eG1wTU09Imh0dHA6Ly9ucy5hZG9iZS5jb20veGFwLzEuMC9tbS8iIHhtbG5zOnN0UmVmPSJodHRwOi8vbnMuYWRvYmUuY29tL3hhcC8xLjAvc1R5cGUvUmVzb3VyY2VSZWYjIiB4bWxuczp4bXA9Imh0dHA6Ly9ucy5hZG9iZS5jb20veGFwLzEuMC8iIHhtcE1NOk9yaWdpbmFsRG9jdW1lbnRJRD0ieG1wLmRpZDo0MzM0ODJDMDE4MjA2ODExODNEMUQwQ0EyREY3OUIyMyIgeG1wTU06RG9jdW1lbnRJRD0ieG1wLmRpZDo4NjVDNjc2RjExNEIxMUVDODZERjhFMzdERTE3RkFBOCIgeG1wTU06SW5zdGFuY2VJRD0ieG1wLmlpZDo4NjVDNjc2RTExNEIxMUVDODZERjhFMzdERTE3RkFBOCIgeG1wOkNyZWF0b3JUb29sPSJBZG9iZSBQaG90b3Nob3AgQ1M2IChNYWNpbnRvc2gpIj4gPHhtcE1NOkRlcml2ZWRGcm9tIHN0UmVmOmluc3RhbmNlSUQ9InhtcC5paWQ6NDMzNDgyQzAxODIwNjgxMTgzRDFEMENBMkRGNzlCMjMiIHN0UmVmOmRvY3VtZW50SUQ9InhtcC5kaWQ6NDMzNDgyQzAxODIwNjgxMTgzRDFEMENBMkRGNzlCMjMiLz4gPC9yZGY6RGVzY3JpcHRpb24+IDwvcmRmOlJERj4gPC94OnhtcG1ldGE+IDw\/eHBhY2tldCBlbmQ9InIiPz5SNSQSAAAKIElEQVR42mL8\/\/8\/A1EAWaGDp9UXZDkgXxerQmwAqPg\/XCGcQ6zVeEztZcIi+AeL2miY1WFUsRoEmBiIBIzEmggQQIxkxQya7ztQ1EB9nUzQMCKisAOrQmzRSZSJMIVEhyMT1LoUooMHm2JYaIDUEB3gAAEEV8jIyIgreNKAVBMQ8wDxrAPbjxURDG+0\/NVFbECgBzlWA8kBsEyNYiBQkIOApgxiIoSYMAQpMEQS+ggMx\/tY1H3Zv+0oD1FeJqa0AapJRffyYQrC8Au+WGYm0bBOomIZqPAIttINFHm4goCkHEAsAAggqhvIQiDJgCQ2AbEPEN8C4jBgkrmIt8zEEX6HgViKlGQEjwssReJVImNXB+oD3AYCFewgMcmw4jQQR+1IjKG78HqZTEPtYAbCyvY1hCp8AmbuQIkdfJkfKGdKhAv5YS5kgYotxKGQHZRWgbQBTAyYDi+gqwOKfURJ2EDAh8PyLKDifpIClAgvqwCxIAEvW6JEChDE41IMdOEdIPWBgLuOYauYhSlJOuguBIEqMtPgf3xt3v8kGraUmMLhJ5GGfSeqtEHS8BuH+BYg9sAVhlQvsZkYqAwAAojqLqQ2YEFxLY66Cku8LAH3TBgYQGVrPTAzncBWAAGpTCCuA0UZEHsC1R0itY+AEoJ4KlNjIHUGiNWAltymsGwHeUoBaI4axQ4EGjYXSHEADYumdtRBq8tfoHQLNP8\/zl4WLLugFRA86PmUVgDaWLiFLQujNA2RylgPIG6hd2ZALjVxOhAaclsGKscC7f6K7kD0cuszMD34kGl4LLHFPB7QDDRDnwFXfAMlD5DhMClSKzUC5t1EdhMLmvxFEg3bAGVuRGKjg5PAWGknwVg1nAU1qLMAxPnEmgS0OADoMFdogc0C5P+lQiBuwVd3spBqGtBRu4EYVIBygaIaZZyOvELcD2caxNfsoEMOBqXlxQTLQVIaXVR0nCryIAJBB0I1\/QBiPjo47ga0rscaq4TqYtAIBqgXyQ9MZ5+o7DBQ\/+0J0NwUilszSB3GHCCWBBr6jkxHgarQCiAWAJrxhWrNLRyWxQEpkKNFgPg5EB8HhQgotIFYHqQEqnQtECfgcxDRDhyMACAAtVbM0kAMRmvVqeDgpFQ3V3HQQUHFxS46CDo46KI\/oaAODurUjoLaoYNF0F2luNpNEFGKIDhVEKEgiCBasIjvo58QJEnvktx5HnzcDXdfX5MvyXsviTTAeJRbrs2k7oT6G2DBP4VIIhKIKuIScYrI\/2bJRnXnQySN43ZGn8Qa\/npONFGE94Zx20SkEId4ZyEwcLymlhFZ\/NCa32WLncprfDvmFBzrgwoSp2yXLwY5hFxXVuDY4fxC9CPZrcPVglzWInKuGIETgLUjSd31SGQ7qIbcyypwuqkkMGDME0lLJ7WbgwqWck9aNCQa9UFKUUujxFH541OHyPPqMnCybi3bjkqDKyMz\/uKSCTYb9jKFxljniV0reM7wYuKPltIi196barS2WNaODcWZQxSk3cqL+JYlsAmLrq3hNquqOWK4OQvThjZGSkHxuWkZu\/AAjHapj\/BtzgGekmpAJA2AUTLqzl1xb+pXd934SFlRgUv4BEa2wgvHhubVGR9pX1Xgqj4L+AQAj\/G4hOd9R2XWq6q5S4MRRlPPNkDuOQI3ogJ3SjuCBgDJxkjRsQQH4LpU4PLM+U3mqD7c3gHw0RLcsxQcq6RJi0mUyMK8xSRO5mZayefIO9OdeAiYNn1qKRP+\/SILkLCB0b70hRfFf80qKczrSSYZ45LaGQuz9fiY3Y4fDTGIuAsBWAe5qjI8zY5TZcXd\/ACAteqOFGnPRaJ7V0lX+j0Z5LXFYg17t62pcaLz6EhXutwapRrTufhSA7uJV0Lcns6uZFiMmIDqjDVs2h3kSDu3wFi+kUoqEudnau1l5qfapb2y0UD9OaElCwLnP0c8MB\/rYXbRzWtlGqAOvOb+N6Z1pD3hSIP7FqCdawmJKgrDpxZRUQgtbFW46gERIeWEhmIbTRIqkF6rQAOL3PVYREIURJELo0VS0SqpyB6LHgQJgURCEgS9lkki0aqiRRb2fdxvaBjmTufcmTvnzjQHPhKCued89zzu\/\/\/fdxJfi6i+2QptOU+4KGUTh11yhwkK6i0mKPGl2zTwHmCN8mtGJMuyH09knjMrs0KhL8oVUP484lIKdGlhqzPnsi0WeTr3eCg36XPkMcBj477NGWj5jPl6GcxItWlCjAGn8IxHZUOeZhbzfX0ANSnngIGoFe8CCOUspe\/lMECZwCBwIurMjJU81T2YPmGd5RA6eTlJe5Niqgva45nzvOKVPAk\/hpgU03LsQqe+JXmDR58X459bWt5Xgf02qq0w8uZG7MRZ7WHcbygba086cQozqYBs177Ivv9ycakVNPOkT6JzgA6DjeVAmMVMZGKJecdGm6p6aHybL\/bGgwak++s2FdaUA+DYBmw5CnU45FADUK7XAKwpVP2eYAKZsaQEYzw7kxj5wFCOn7Wl5aX+5PBAID9xPgKvMnMrkQ4MGUBSJvBbVDRxOlA4RgqyUxp7tNhWKknqV\/biR6c8zII5QJMHAqfS4xYHbqdta0cT1+1nYAI\/1uaBOEYH5xXjNodZdWPuA79d64Ha0Qdjs9aJAbQeBe39Je5wu4J8foAzB3zb4yrm2J+LiyEX8jqZ5chlcouJtBUK5vnCTuK5\/cZz49jRr2lx4UTeBpNpo42PNKab6C5cC9zVbPttktM48xrD\/jOMvKXAZIykcVneNEFuL922KVxy\/bl7dBnF1NVJceFEHhVXNTG+0Wbta1TbXMLgHyb066VGXDh9qnwC6mLcT0Y1W26YwDTH0Oh4AsmrExdO5NEY16I9Kc5NeRiYhz\/XA30icQRYkIBog2NvMVkmQRvy0tdU9JboZHsJ1Gp\/oU2Jyqo3wDKP\/PVmcWEf26LjTBrSA7OkWPUGh7fO2UjV4S6dwHdK\/Hzm+hiq0VvRFRbb5tOH7DOB5JLXuWwtZefR4Z\/pEMnTrOPH+aw4cI9tVSzZwtmXeZtbpTfddNVhghsuvkciTwQ+E4FH8aOn\/wPiOMYjxvJqENtkKA0+1IU\/9WBbKRVx9AptBtZl+9IKrp6pJjthAtl3Ax7wukJIo\/VxXNFEfa6lWrTSo2q0rMsyZdOJh82UKWm8Y4buWabcuvPVcotat5XDkSp5EnndBJbxmTIi7RqwByBhPf+yHseiGBCJZ7TJUrS8M6nLWcuTyYhVAGu1x2z92rFrVVTTHQZYhXoCHPRdaVNF7KIJrBrsy+6w2qxX8nK8ZWpXNikrQe39YNy1ENlFKDLilRo0fLHyd6DQ1eBFYpYxKKageHvvdmAhQNE6a8Gjwlvbi06knl8NtAqssTKR8ANgGDdke31bWZCXZ79kBjmlfYhLjOl4ZjMWmb9WQc5cfj5Q7PhBy+8d8MIEdunYdcFO5FWbXatqkqvk+Wl\/AG9FKP8PDxqwAAAAAElFTkSuQmCC\"><\/image><\/svg>\t\t\t\t\t\t\t\t\t\t\t\t\t\t\t\t\t\t\t<span class=\"elementor-screen-only\">Envoyer<\/span>\n\t\t\t\t\t\t\t\t\t\t\t\t\t\t\t\t\t<\/span>\n\t\t\t\t\t\t\t\t\t\t\t\t\t\t\t\t\t\t\t\t<\/span>\n\t\t\t\t\t<\/button>\n\t\t\t\t<\/div>\n\t\t\t<\/div>\n\t\t<\/form>\n\t\t\t\t\t\t<\/div>\n\t\t\t\t<\/div>\n\t\t\t\t\t<\/div>\n\t\t<\/div>\n\t\t\t\t<div class=\"elementor-column elementor-col-50 elementor-top-column elementor-element elementor-element-392306c\" data-id=\"392306c\" data-element_type=\"column\">\n\t\t\t<div class=\"elementor-widget-wrap\">\n\t\t\t\t\t\t\t<\/div>\n\t\t<\/div>\n\t\t\t\t\t<\/div>\n\t\t<\/section>\n\t\t\t\t<section class=\"elementor-section elementor-top-section elementor-element elementor-element-51a6e5d elementor-section-full_width elementor-section-height-min-height elementor-hidden-desktop elementor-hidden-tablet elementor-section-height-default elementor-section-items-middle\" data-id=\"51a6e5d\" data-element_type=\"section\" data-settings=\"{&quot;jet_parallax_layout_list&quot;:[{&quot;jet_parallax_layout_image&quot;:{&quot;url&quot;:&quot;&quot;,&quot;id&quot;:&quot;&quot;,&quot;size&quot;:&quot;&quot;},&quot;_id&quot;:&quot;fe4fc6d&quot;,&quot;jet_parallax_layout_image_tablet&quot;:{&quot;url&quot;:&quot;&quot;,&quot;id&quot;:&quot;&quot;,&quot;size&quot;:&quot;&quot;},&quot;jet_parallax_layout_image_mobile&quot;:{&quot;url&quot;:&quot;&quot;,&quot;id&quot;:&quot;&quot;,&quot;size&quot;:&quot;&quot;},&quot;jet_parallax_layout_speed&quot;:{&quot;unit&quot;:&quot;%&quot;,&quot;size&quot;:50,&quot;sizes&quot;:[]},&quot;jet_parallax_layout_type&quot;:&quot;scroll&quot;,&quot;jet_parallax_layout_direction&quot;:&quot;1&quot;,&quot;jet_parallax_layout_fx_direction&quot;:null,&quot;jet_parallax_layout_z_index&quot;:&quot;&quot;,&quot;jet_parallax_layout_bg_x&quot;:50,&quot;jet_parallax_layout_bg_x_tablet&quot;:&quot;&quot;,&quot;jet_parallax_layout_bg_x_mobile&quot;:&quot;&quot;,&quot;jet_parallax_layout_bg_y&quot;:50,&quot;jet_parallax_layout_bg_y_tablet&quot;:&quot;&quot;,&quot;jet_parallax_layout_bg_y_mobile&quot;:&quot;&quot;,&quot;jet_parallax_layout_bg_size&quot;:&quot;auto&quot;,&quot;jet_parallax_layout_bg_size_tablet&quot;:&quot;&quot;,&quot;jet_parallax_layout_bg_size_mobile&quot;:&quot;&quot;,&quot;jet_parallax_layout_animation_prop&quot;:&quot;transform&quot;,&quot;jet_parallax_layout_on&quot;:[&quot;desktop&quot;,&quot;tablet&quot;]}],&quot;background_background&quot;:&quot;classic&quot;}\">\n\t\t\t\t\t\t<div class=\"elementor-container elementor-column-gap-no\">\n\t\t\t\t\t<div class=\"elementor-column elementor-col-50 elementor-top-column elementor-element elementor-element-f0f19d7\" data-id=\"f0f19d7\" data-element_type=\"column\" data-settings=\"{&quot;background_background&quot;:&quot;classic&quot;}\">\n\t\t\t<div class=\"elementor-widget-wrap elementor-element-populated\">\n\t\t\t\t\t\t<div class=\"elementor-element elementor-element-1b16039 elementor-widget elementor-widget-heading\" data-id=\"1b16039\" data-element_type=\"widget\" data-widget_type=\"heading.default\">\n\t\t\t\t<div class=\"elementor-widget-container\">\n\t\t\t\t\t<h2 class=\"elementor-heading-title elementor-size-default\">CONTACT<\/h2>\t\t\t\t<\/div>\n\t\t\t\t<\/div>\n\t\t\t\t<div class=\"elementor-element elementor-element-8968c98 elementor-widget elementor-widget-heading\" data-id=\"8968c98\" data-element_type=\"widget\" data-widget_type=\"heading.default\">\n\t\t\t\t<div class=\"elementor-widget-container\">\n\t\t\t\t\t<h2 class=\"elementor-heading-title elementor-size-default\">D\u00e9sirez-vous\n<br>\nrecevoir des d\u00e9tails?\n<\/h2>\t\t\t\t<\/div>\n\t\t\t\t<\/div>\n\t\t\t\t<div class=\"elementor-element elementor-element-d2d7e95 elementor-button-align-end elementor-widget__width-initial animated-slow elementor-widget-mobile__width-initial elementor-invisible elementor-widget elementor-widget-form\" data-id=\"d2d7e95\" data-element_type=\"widget\" data-settings=\"{&quot;step_next_label&quot;:&quot;Next&quot;,&quot;step_previous_label&quot;:&quot;Previous&quot;,&quot;_animation&quot;:&quot;fadeIn&quot;,&quot;_animation_delay&quot;:100,&quot;button_width&quot;:&quot;100&quot;,&quot;step_type&quot;:&quot;number_text&quot;,&quot;step_icon_shape&quot;:&quot;circle&quot;}\" data-widget_type=\"form.default\">\n\t\t\t\t<div class=\"elementor-widget-container\">\n\t\t\t\t\t\t\t<form class=\"elementor-form\" method=\"post\" name=\"New Form\" aria-label=\"New Form\">\n\t\t\t<input type=\"hidden\" name=\"post_id\" value=\"3161\"\/>\n\t\t\t<input type=\"hidden\" name=\"form_id\" value=\"d2d7e95\"\/>\n\t\t\t<input type=\"hidden\" name=\"referer_title\" value=\"\" \/>\n\n\t\t\t\n\t\t\t<div class=\"elementor-form-fields-wrapper elementor-labels-\">\n\t\t\t\t\t\t\t\t<div class=\"elementor-field-type-text elementor-field-group elementor-column elementor-field-group-name elementor-col-100\">\n\t\t\t\t\t\t\t\t\t\t\t\t<label for=\"form-field-name\" class=\"elementor-field-label elementor-screen-only\">\n\t\t\t\t\t\t\t\tNom\t\t\t\t\t\t\t<\/label>\n\t\t\t\t\t\t\t\t\t\t\t\t\t\t<input size=\"1\" type=\"text\" name=\"form_fields[name]\" id=\"form-field-name\" class=\"elementor-field elementor-size-sm  elementor-field-textual\" placeholder=\"Nom\">\n\t\t\t\t\t\t\t\t\t\t\t<\/div>\n\t\t\t\t\t\t\t\t<div class=\"elementor-field-type-tel elementor-field-group elementor-column elementor-field-group-message elementor-col-100\">\n\t\t\t\t\t\t\t\t\t\t\t\t<label for=\"form-field-message\" class=\"elementor-field-label elementor-screen-only\">\n\t\t\t\t\t\t\t\tMobile\t\t\t\t\t\t\t<\/label>\n\t\t\t\t\t\t\t\t<input size=\"1\" type=\"tel\" name=\"form_fields[message]\" id=\"form-field-message\" class=\"elementor-field elementor-size-sm  elementor-field-textual\" placeholder=\"Mobile\" pattern=\"[0-9()#&amp;+*-=.]+\" title=\"Seuls les caract\u00e8res de num\u00e9ros de t\u00e9l\u00e9phone (#, -, *, etc.) sont accept\u00e9s.\">\n\n\t\t\t\t\t\t<\/div>\n\t\t\t\t\t\t\t\t<div class=\"elementor-field-type-email elementor-field-group elementor-column elementor-field-group-email elementor-col-100 elementor-field-required\">\n\t\t\t\t\t\t\t\t\t\t\t\t<label for=\"form-field-email\" class=\"elementor-field-label elementor-screen-only\">\n\t\t\t\t\t\t\t\tMilles\t\t\t\t\t\t\t<\/label>\n\t\t\t\t\t\t\t\t\t\t\t\t\t\t<input size=\"1\" type=\"email\" name=\"form_fields[email]\" id=\"form-field-email\" class=\"elementor-field elementor-size-sm  elementor-field-textual\" placeholder=\"Milles\" required=\"required\">\n\t\t\t\t\t\t\t\t\t\t\t<\/div>\n\t\t\t\t\t\t\t\t<div class=\"elementor-field-group elementor-column elementor-field-type-submit elementor-col-100 e-form__buttons\">\n\t\t\t\t\t<button class=\"elementor-button elementor-size-sm elementor-animation-float\" type=\"submit\">\n\t\t\t\t\t\t<span class=\"elementor-button-content-wrapper\">\n\t\t\t\t\t\t\t\t\t\t\t\t\t\t\t<span class=\"elementor-button-icon\">\n\t\t\t\t\t\t\t\t\t<svg xmlns=\"http:\/\/www.w3.org\/2000\/svg\" xmlns:xlink=\"http:\/\/www.w3.org\/1999\/xlink\" width=\"79\" height=\"78\" viewBox=\"0 0 79 78\"><image id=\"arrow_51\" width=\"79\" height=\"78\" xlink:href=\"data:image\/png;base64,iVBORw0KGgoAAAANSUhEUgAAAE8AAABOCAYAAAEWb3u1AAAAGXRFWHRTb2Z0d2FyZQBBZG9iZSBJbWFnZVJlYWR5ccllPAAAA2hpVFh0WE1MOmNvbS5hZG9iZS54bXAAAAAAADw\/eHBhY2tldCBiZWdpbj0i77u\/IiBpZD0iVzVNME1wQ2VoaUh6cmVTek5UY3prYzlkIj8+IDx4OnhtcG1ldGEgeG1sbnM6eD0iYWRvYmU6bnM6bWV0YS8iIHg6eG1wdGs9IkFkb2JlIFhNUCBDb3JlIDUuMy1jMDExIDY2LjE0NTY2MSwgMjAxMi8wMi8wNi0xNDo1NjoyNyAgICAgICAgIj4gPHJkZjpSREYgeG1sbnM6cmRmPSJodHRwOi8vd3d3LnczLm9yZy8xOTk5LzAyLzIyLXJkZi1zeW50YXgtbnMjIj4gPHJkZjpEZXNjcmlwdGlvbiByZGY6YWJvdXQ9IiIgeG1sbnM6eG1wTU09Imh0dHA6Ly9ucy5hZG9iZS5jb20veGFwLzEuMC9tbS8iIHhtbG5zOnN0UmVmPSJodHRwOi8vbnMuYWRvYmUuY29tL3hhcC8xLjAvc1R5cGUvUmVzb3VyY2VSZWYjIiB4bWxuczp4bXA9Imh0dHA6Ly9ucy5hZG9iZS5jb20veGFwLzEuMC8iIHhtcE1NOk9yaWdpbmFsRG9jdW1lbnRJRD0ieG1wLmRpZDo0MzM0ODJDMDE4MjA2ODExODNEMUQwQ0EyREY3OUIyMyIgeG1wTU06RG9jdW1lbnRJRD0ieG1wLmRpZDo4NjVDNjc2RjExNEIxMUVDODZERjhFMzdERTE3RkFBOCIgeG1wTU06SW5zdGFuY2VJRD0ieG1wLmlpZDo4NjVDNjc2RTExNEIxMUVDODZERjhFMzdERTE3RkFBOCIgeG1wOkNyZWF0b3JUb29sPSJBZG9iZSBQaG90b3Nob3AgQ1M2IChNYWNpbnRvc2gpIj4gPHhtcE1NOkRlcml2ZWRGcm9tIHN0UmVmOmluc3RhbmNlSUQ9InhtcC5paWQ6NDMzNDgyQzAxODIwNjgxMTgzRDFEMENBMkRGNzlCMjMiIHN0UmVmOmRvY3VtZW50SUQ9InhtcC5kaWQ6NDMzNDgyQzAxODIwNjgxMTgzRDFEMENBMkRGNzlCMjMiLz4gPC9yZGY6RGVzY3JpcHRpb24+IDwvcmRmOlJERj4gPC94OnhtcG1ldGE+IDw\/eHBhY2tldCBlbmQ9InIiPz5SNSQSAAAKIElEQVR42mL8\/\/8\/A1EAWaGDp9UXZDkgXxerQmwAqPg\/XCGcQ6zVeEztZcIi+AeL2miY1WFUsRoEmBiIBIzEmggQQIxkxQya7ztQ1EB9nUzQMCKisAOrQmzRSZSJMIVEhyMT1LoUooMHm2JYaIDUEB3gAAEEV8jIyIgreNKAVBMQ8wDxrAPbjxURDG+0\/NVFbECgBzlWA8kBsEyNYiBQkIOApgxiIoSYMAQpMEQS+ggMx\/tY1H3Zv+0oD1FeJqa0AapJRffyYQrC8Au+WGYm0bBOomIZqPAIttINFHm4goCkHEAsAAggqhvIQiDJgCQ2AbEPEN8C4jBgkrmIt8zEEX6HgViKlGQEjwssReJVImNXB+oD3AYCFewgMcmw4jQQR+1IjKG78HqZTEPtYAbCyvY1hCp8AmbuQIkdfJkfKGdKhAv5YS5kgYotxKGQHZRWgbQBTAyYDi+gqwOKfURJ2EDAh8PyLKDifpIClAgvqwCxIAEvW6JEChDE41IMdOEdIPWBgLuOYauYhSlJOuguBIEqMtPgf3xt3v8kGraUmMLhJ5GGfSeqtEHS8BuH+BYg9sAVhlQvsZkYqAwAAojqLqQ2YEFxLY66Cku8LAH3TBgYQGVrPTAzncBWAAGpTCCuA0UZEHsC1R0itY+AEoJ4KlNjIHUGiNWAltymsGwHeUoBaI4axQ4EGjYXSHEADYumdtRBq8tfoHQLNP8\/zl4WLLugFRA86PmUVgDaWLiFLQujNA2RylgPIG6hd2ZALjVxOhAaclsGKscC7f6K7kD0cuszMD34kGl4LLHFPB7QDDRDnwFXfAMlD5DhMClSKzUC5t1EdhMLmvxFEg3bAGVuRGKjg5PAWGknwVg1nAU1qLMAxPnEmgS0OADoMFdogc0C5P+lQiBuwVd3spBqGtBRu4EYVIBygaIaZZyOvELcD2caxNfsoEMOBqXlxQTLQVIaXVR0nCryIAJBB0I1\/QBiPjo47ga0rscaq4TqYtAIBqgXyQ9MZ5+o7DBQ\/+0J0NwUilszSB3GHCCWBBr6jkxHgarQCiAWAJrxhWrNLRyWxQEpkKNFgPg5EB8HhQgotIFYHqQEqnQtECfgcxDRDhyMACAAtVbM0kAMRmvVqeDgpFQ3V3HQQUHFxS46CDo46KI\/oaAODurUjoLaoYNF0F2luNpNEFGKIDhVEKEgiCBasIjvo58QJEnvktx5HnzcDXdfX5MvyXsviTTAeJRbrs2k7oT6G2DBP4VIIhKIKuIScYrI\/2bJRnXnQySN43ZGn8Qa\/npONFGE94Zx20SkEId4ZyEwcLymlhFZ\/NCa32WLncprfDvmFBzrgwoSp2yXLwY5hFxXVuDY4fxC9CPZrcPVglzWInKuGIETgLUjSd31SGQ7qIbcyypwuqkkMGDME0lLJ7WbgwqWck9aNCQa9UFKUUujxFH541OHyPPqMnCybi3bjkqDKyMz\/uKSCTYb9jKFxljniV0reM7wYuKPltIi196barS2WNaODcWZQxSk3cqL+JYlsAmLrq3hNquqOWK4OQvThjZGSkHxuWkZu\/AAjHapj\/BtzgGekmpAJA2AUTLqzl1xb+pXd934SFlRgUv4BEa2wgvHhubVGR9pX1Xgqj4L+AQAj\/G4hOd9R2XWq6q5S4MRRlPPNkDuOQI3ogJ3SjuCBgDJxkjRsQQH4LpU4PLM+U3mqD7c3gHw0RLcsxQcq6RJi0mUyMK8xSRO5mZayefIO9OdeAiYNn1qKRP+\/SILkLCB0b70hRfFf80qKczrSSYZ45LaGQuz9fiY3Y4fDTGIuAsBWAe5qjI8zY5TZcXd\/ACAteqOFGnPRaJ7V0lX+j0Z5LXFYg17t62pcaLz6EhXutwapRrTufhSA7uJV0Lcns6uZFiMmIDqjDVs2h3kSDu3wFi+kUoqEudnau1l5qfapb2y0UD9OaElCwLnP0c8MB\/rYXbRzWtlGqAOvOb+N6Z1pD3hSIP7FqCdawmJKgrDpxZRUQgtbFW46gERIeWEhmIbTRIqkF6rQAOL3PVYREIURJELo0VS0SqpyB6LHgQJgURCEgS9lkki0aqiRRb2fdxvaBjmTufcmTvnzjQHPhKCued89zzu\/\/\/fdxJfi6i+2QptOU+4KGUTh11yhwkK6i0mKPGl2zTwHmCN8mtGJMuyH09knjMrs0KhL8oVUP484lIKdGlhqzPnsi0WeTr3eCg36XPkMcBj477NGWj5jPl6GcxItWlCjAGn8IxHZUOeZhbzfX0ANSnngIGoFe8CCOUspe\/lMECZwCBwIurMjJU81T2YPmGd5RA6eTlJe5Niqgva45nzvOKVPAk\/hpgU03LsQqe+JXmDR58X459bWt5Xgf02qq0w8uZG7MRZ7WHcbygba086cQozqYBs177Ivv9ycakVNPOkT6JzgA6DjeVAmMVMZGKJecdGm6p6aHybL\/bGgwak++s2FdaUA+DYBmw5CnU45FADUK7XAKwpVP2eYAKZsaQEYzw7kxj5wFCOn7Wl5aX+5PBAID9xPgKvMnMrkQ4MGUBSJvBbVDRxOlA4RgqyUxp7tNhWKknqV\/biR6c8zII5QJMHAqfS4xYHbqdta0cT1+1nYAI\/1uaBOEYH5xXjNodZdWPuA79d64Ha0Qdjs9aJAbQeBe39Je5wu4J8foAzB3zb4yrm2J+LiyEX8jqZ5chlcouJtBUK5vnCTuK5\/cZz49jRr2lx4UTeBpNpo42PNKab6C5cC9zVbPttktM48xrD\/jOMvKXAZIykcVneNEFuL922KVxy\/bl7dBnF1NVJceFEHhVXNTG+0Wbta1TbXMLgHyb066VGXDh9qnwC6mLcT0Y1W26YwDTH0Oh4AsmrExdO5NEY16I9Kc5NeRiYhz\/XA30icQRYkIBog2NvMVkmQRvy0tdU9JboZHsJ1Gp\/oU2Jyqo3wDKP\/PVmcWEf26LjTBrSA7OkWPUGh7fO2UjV4S6dwHdK\/Hzm+hiq0VvRFRbb5tOH7DOB5JLXuWwtZefR4Z\/pEMnTrOPH+aw4cI9tVSzZwtmXeZtbpTfddNVhghsuvkciTwQ+E4FH8aOn\/wPiOMYjxvJqENtkKA0+1IU\/9WBbKRVx9AptBtZl+9IKrp6pJjthAtl3Ax7wukJIo\/VxXNFEfa6lWrTSo2q0rMsyZdOJh82UKWm8Y4buWabcuvPVcotat5XDkSp5EnndBJbxmTIi7RqwByBhPf+yHseiGBCJZ7TJUrS8M6nLWcuTyYhVAGu1x2z92rFrVVTTHQZYhXoCHPRdaVNF7KIJrBrsy+6w2qxX8nK8ZWpXNikrQe39YNy1ENlFKDLilRo0fLHyd6DQ1eBFYpYxKKageHvvdmAhQNE6a8Gjwlvbi06knl8NtAqssTKR8ANgGDdke31bWZCXZ79kBjmlfYhLjOl4ZjMWmb9WQc5cfj5Q7PhBy+8d8MIEdunYdcFO5FWbXatqkqvk+Wl\/AG9FKP8PDxqwAAAAAElFTkSuQmCC\"><\/image><\/svg>\t\t\t\t\t\t\t\t\t\t\t\t\t\t\t\t\t\t\t<span class=\"elementor-screen-only\">Envoyer<\/span>\n\t\t\t\t\t\t\t\t\t\t\t\t\t\t\t\t\t<\/span>\n\t\t\t\t\t\t\t\t\t\t\t\t\t\t\t\t\t\t\t\t<\/span>\n\t\t\t\t\t<\/button>\n\t\t\t\t<\/div>\n\t\t\t<\/div>\n\t\t<\/form>\n\t\t\t\t\t\t<\/div>\n\t\t\t\t<\/div>\n\t\t\t\t\t<\/div>\n\t\t<\/div>\n\t\t\t\t<div class=\"elementor-column elementor-col-50 elementor-top-column elementor-element elementor-element-1946154\" data-id=\"1946154\" data-element_type=\"column\">\n\t\t\t<div class=\"elementor-widget-wrap\">\n\t\t\t\t\t\t\t<\/div>\n\t\t<\/div>\n\t\t\t\t\t<\/div>\n\t\t<\/section>\n\t\t\t\t<\/div>\n\t\t","protected":false},"excerpt":{"rendered":"<p>D\u00e9sirez-vous recevoir des d\u00e9tails? CONTACT D\u00e9sirez-vous recevoir des d\u00e9tails?<\/p>\n","protected":false},"author":1,"featured_media":0,"parent":0,"menu_order":0,"comment_status":"closed","ping_status":"closed","template":"","meta":{"footnotes":""},"class_list":["post-3161","page","type-page","status-publish","hentry"],"_links":{"self":[{"href":"https:\/\/carmay-hanadiv.co.il\/fr\/wp-json\/wp\/v2\/pages\/3161","targetHints":{"allow":["GET"]}}],"collection":[{"href":"https:\/\/carmay-hanadiv.co.il\/fr\/wp-json\/wp\/v2\/pages"}],"about":[{"href":"https:\/\/carmay-hanadiv.co.il\/fr\/wp-json\/wp\/v2\/types\/page"}],"author":[{"embeddable":true,"href":"https:\/\/carmay-hanadiv.co.il\/fr\/wp-json\/wp\/v2\/users\/1"}],"replies":[{"embeddable":true,"href":"https:\/\/carmay-hanadiv.co.il\/fr\/wp-json\/wp\/v2\/comments?post=3161"}],"version-history":[{"count":13,"href":"https:\/\/carmay-hanadiv.co.il\/fr\/wp-json\/wp\/v2\/pages\/3161\/revisions"}],"predecessor-version":[{"id":3627,"href":"https:\/\/carmay-hanadiv.co.il\/fr\/wp-json\/wp\/v2\/pages\/3161\/revisions\/3627"}],"wp:attachment":[{"href":"https:\/\/carmay-hanadiv.co.il\/fr\/wp-json\/wp\/v2\/media?parent=3161"}],"curies":[{"name":"wp","href":"https:\/\/api.w.org\/{rel}","templated":true}]}}